{"id":46,"date":"2020-09-25T21:17:17","date_gmt":"2020-09-25T21:17:17","guid":{"rendered":"https:\/\/bellark.com.ar\/index.php\/one-page-express\/"},"modified":"2025-08-01T14:52:49","modified_gmt":"2025-08-01T14:52:49","slug":"one-page-express","status":"publish","type":"page","link":"https:\/\/bellark.com.ar\/","title":{"rendered":"Home"},"content":{"rendered":"<h2>Nosotros<\/h2>\t\t\t\t\n\t\t<p>Somos una empresa dedicada a la <strong>construcci\u00f3n y soluciones integrales de la vivienda<\/strong>, ya sea casas, departamentos, PH, edificios, o \u00e1reas de recreaci\u00f3n com\u00fan.<br \/>Contamos con una capacidad de cobertura amplia en todo el pa\u00eds.<br \/>Nuestro estudio y oficinas se encuentran situados en la Capital Federal.<br \/>Tambi\u00e9n realizamos obras p\u00fablicas a nivel nacional y provincial.<br \/><br \/>Desde el a\u00f1o 2006 en adelante hemos logrado concretar con \u00e9xito una cantidad importante de proyectos, los cuales pueden visualizar en nuestras redes, como as\u00ed tambi\u00e9n acceder a las obras para ver los productos terminados.<br \/><br \/>Desde ya esperamos poder contar con su visita y su confianza para acompa\u00f1arlos con alg\u00fan proyecto, y poder lograr hacer de un sue\u00f1o,\u00a0una\u00a0realidad.<\/p>\t\t\n\t\t\t\t\t\t\t\t\t\t\t\t\t\t\t<img fetchpriority=\"high\" decoding=\"async\" width=\"1024\" height=\"768\" src=\"https:\/\/bellark.com.ar\/wp-content\/uploads\/2024\/07\/20190516_151928.jpg\" alt=\"\" \/>\t\t\t\t\t\t\t\t\t\t\t\t\t\t\t\n\t\t\t\t\t<h2>Nuestros Servicios<\/h2>\t\t\t\t\n\t\t\t\t\t<figure><img decoding=\"async\" width=\"800\" height=\"565\" src=\"https:\/\/bellark.com.ar\/wp-content\/uploads\/2024\/07\/ser_pimtura.jpg\" alt=\"\" \/><\/figure><h3>PINTURA Y REVESTIMIENTO<\/h3><p>Pintura l\u00e1tex exterior &#038; interior. <br>\nRevestimiento pl\u00e1stico.<br>\nMicro Piso.<br>\nPiso Epoxi autonivelante.<br>\nPintura proyectable.<br>\nTrabajos en altura. <br><\/p>\t\t\t\t\n\t\t\t\t\t<figure><img decoding=\"async\" width=\"800\" height=\"565\" src=\"https:\/\/bellark.com.ar\/wp-content\/uploads\/2024\/07\/serv_construccion.jpg\" alt=\"\" \/><\/figure><h3>CONSTRUCCI\u00d3N EN GRAL<\/h3><p>Tabiques.<BR>\nCielorraso placa junta tomada.<BR>\nCielorraso desmontable.<BR>\nCielorraso de madera.<BR>\nPlacas antihumedad.<BR>\nSteel framing. <\/p>\t\t\t\t\n\t\t\t\t\t<figure><img loading=\"lazy\" decoding=\"async\" width=\"800\" height=\"565\" src=\"https:\/\/bellark.com.ar\/wp-content\/uploads\/2024\/07\/serv_herreria.jpg\" alt=\"\" \/><\/figure><h3>HERRERIA<\/h3><p>Puertas a medida.<br>\nPortones levadizos. <br>\nPortones corredizos.<br>\nFrente reja.<br>\nTinglados estructurales.<br>\nEscaleras.<\/p>\t\t\t\t\n\t\t\t\t\t<figure><img loading=\"lazy\" decoding=\"async\" width=\"800\" height=\"565\" src=\"https:\/\/bellark.com.ar\/wp-content\/uploads\/2021\/12\/serv_gas.jpg\" alt=\"\" \/><\/figure><h3>PLOMERIA &#038; GAS<\/h3><p>Ramales de agua termo fusi\u00f3n.<br>\nRamales cloacales.<br>\nRamales de gas.<br>\nTramitaci\u00f3n en metro gas.<br>\n<\/p>\t\t\t\t\n\t\t\t\t\t<figure><img loading=\"lazy\" decoding=\"async\" width=\"800\" height=\"565\" src=\"https:\/\/bellark.com.ar\/wp-content\/uploads\/2021\/12\/serv_cerramientos.jpg\" alt=\"\" \/><\/figure><h3>CERRAMIENTOS<\/h3><p>Frente de vidrio laminado.<br>\nFrente de vidrio templado. <br>\nFrente de vidrio con dvh. <br>\nPuerta templada. <br>\nCerramiento herrero. <br>\nCerramiento modena. <br>\nCerramiento A-30. <br><\/p>\t\t\t\t\n\t\t\t\t\t<figure><img loading=\"lazy\" decoding=\"async\" width=\"800\" height=\"565\" src=\"https:\/\/bellark.com.ar\/wp-content\/uploads\/2021\/12\/serv_electricidad.jpg\" alt=\"\" \/><\/figure><h3>ELECTRICIDAD.<\/h3><p>Instalaci\u00f3n el\u00e9ctrica industrial.\nInstalaci\u00f3n el\u00e9ctrica comercial.\ninstalaci\u00f3n el\u00e9ctrica domiciliaria.\nRed.\nDatos.\nTelefon\u00eda.\n<\/p>\t\t\t\t\n\t\t\t\t\t<figure><img loading=\"lazy\" decoding=\"async\" width=\"800\" height=\"565\" src=\"https:\/\/bellark.com.ar\/wp-content\/uploads\/2024\/07\/serv_mamposteria.jpg\" alt=\"\" \/><\/figure><h3>MAMPOSTERIA<\/h3><p>Elevaci\u00f3n de muros.<br>\nPisos de hormig\u00f3n.<br>\nRevoques.<br>\nLozas pre tensada etc.<br> <\/p>\t\t\t\t\n\t\t\t\t\t<figure><img loading=\"lazy\" decoding=\"async\" width=\"800\" height=\"565\" src=\"https:\/\/bellark.com.ar\/wp-content\/uploads\/2024\/07\/serv_azoteas.jpg\" alt=\"\" \/><\/figure><h3>TRATAMIENTOS EN AZOTEA<\/h3><p>EN APLICACIONES DE PRODUCTOS <\/p>\t\t\t\t\n\t\t\t\t\t<h2>Galeria de trabajos<\/h2>\t\t\t\t\n\t\t\t\t\t<h2>Realizamos trabajos de todo tipo, responsabilidad y seriedad es nuestra bandera, cumplimiento en los cronogramas de trabajo y respaldo posterior a la entrega del trabajo solicitado. <\/h2>\t\t\t\t\n\t\t\t\t\t<h2>Contactenos<\/h2>\t\t\t\t\n\t\t\t\t\t<figure><img loading=\"lazy\" decoding=\"async\" width=\"55\" height=\"42\" src=\"https:\/\/bellark.com.ar\/wp-content\/uploads\/2020\/09\/iconomail.jpg\" alt=\"\" \/><\/figure><h3>MAIL<\/h3><p>info@bellark.com.ar<\/p>\t\t\t\t\n\t\t\t\t\t<figure><img loading=\"lazy\" decoding=\"async\" width=\"55\" height=\"42\" src=\"https:\/\/bellark.com.ar\/wp-content\/uploads\/2020\/09\/iconomail.jpg\" alt=\"\" \/><\/figure><h3>MAIL 2<\/h3><p>consulta@bellark.com.ar<\/p>\t\t\t\t\n\t\t\t\t\t<figure><img loading=\"lazy\" decoding=\"async\" width=\"54\" height=\"56\" src=\"https:\/\/bellark.com.ar\/wp-content\/uploads\/2020\/09\/iconotel.jpg\" alt=\"\" \/><\/figure><h3>TELEFONOS<\/h3><p>11-6123-4432<\/p>\t\t\t\t\n\t\t\t\t\t<h2>Dejanos tu consulta<\/h2>\t\t\t\t\n\t\t\t\t\t<h2>Dejanos tu consulta a traves de nuestro formulario de contacto que a la brevedad estaremos comunicandonos con vos. <\/h2>\t\t\t\t\n\t\t<form id=\"wpforms-form-242\" data-formid=\"242\" method=\"post\" enctype=\"multipart\/form-data\" action=\"\/wp-admin\/admin-ajax.php\" data-token=\"ff49b49a38b61fee1e214e14993205f2\" data-token-time=\"1749213446\"><noscript>Por favor, activa JavaScript en tu navegador para completar este formulario.<\/noscript><label for=\"wpforms-242-field_0\">Nombre *<\/label><input type=\"text\" id=\"wpforms-242-field_0\" name=\"wpforms[fields][0]\" placeholder=\"Nombre \" required><label for=\"wpforms-242-field_1\">Email *<\/label><input type=\"email\" id=\"wpforms-242-field_1\" name=\"wpforms[fields][1]\" placeholder=\"Email\" spellcheck=\"false\" required><label for=\"wpforms-242-field_4\">Telefono *<\/label><input type=\"text\" id=\"wpforms-242-field_4\" name=\"wpforms[fields][4]\" placeholder=\"Telefono\" required><textarea id=\"wpforms-242-field_2\" name=\"wpforms[fields][2]\" placeholder=\"Comentario o mensaje\" ><\/textarea><!-- .wpforms-field-container --><input type=\"hidden\" name=\"wpforms[id]\" value=\"242\">\t\t\t<input\n\t\t\t\ttype=\"hidden\"\n\t\t\t\tname=\"wpforms[nonce]\"\n\t\t\t\tvalue=\"33e720653c\"\n\t\t\t\/>\n\t\t\t<input type=\"hidden\" name=\"page_title\" value=\"{page_title}\"><input type=\"hidden\" name=\"page_url\" value=\"http:\/\/page_url\"><input type=\"hidden\" name=\"url_referer\" value=\"http:\/\/url_referer\"><button type=\"submit\" name=\"wpforms[submit]\" id=\"wpforms-submit-242\" data-alt-text=\"Enviando...\" data-submit-text=\"Enviar\" aria-live=\"assertive\" value=\"wpforms-submit\">Enviar<\/button><\/form>  <!-- .wpforms-container -->\t\t\n\t\t\t\t\t<h2>Donde estamos<\/h2>\t\t\t\t\n\t\t<p>CABA &#8211; BUENOS AIRES &#8211; ARGENTINA<\/p>\t\t\n\t\t\t<iframe loading=\"lazy\"\n\t\t\t\t\tsrc=\"https:\/\/maps.google.com\/maps?q=CABA%2CBuenos%20Aires%2C%20Argentina&#038;t=m&#038;z=10&#038;output=embed&#038;iwloc=near\"\n\t\t\t\t\ttitle=\"CABA,Buenos Aires, Argentina\"\n\t\t\t\t\taria-label=\"CABA,Buenos Aires, Argentina\"\n\t\t\t><\/iframe>\n\t\t\t\t\t\tHacenos tu consulta sin compromiso!\t\t\t\t\t\n\t\t\t\t\t<a href=\"#contacto\">\n\t\t\t\t\t\tContactenos\t\t\t\t\t<\/a>\n\t\t\t\t\t\t\t\t\t\t\t\t\t\t\t<img loading=\"lazy\" decoding=\"async\" width=\"445\" height=\"111\" src=\"https:\/\/bellark.com.ar\/wp-content\/uploads\/2024\/07\/logoweb2.png\" alt=\"\" \/>\t\t\t\t\t\t\t\t\t\t\t\t\t\t\t\n\t\t\t\t\t<p>Copyright \u00a9 2024 Bellark <br>\nPower by: Hexadesign dise\u00f1o creativo<\/p>\t\t\t\t\n\t\t<b>Telefono: <\/b>11-6123-4432<br>\n<b>Email: <\/b>info@bellark.com.ar<b>Direccion:<\/b> CABA, Bs As. Argentina\t\t\n\t\t\t\t\t<a target=\"_blank\">\n\t\t\t\t\t\tInstagram\n\t\t\t\t\t\t\t\t\t\t\t<\/a>\n\t\t\t\t\t<a target=\"_blank\">\n\t\t\t\t\t\tFacebook-f\n\t\t\t\t\t\t\t\t\t\t\t<\/a>\n\t\t\t\t\t<a target=\"_blank\">\n\t\t\t\t\t\tYoutube\n\t\t\t\t\t\t\t\t\t\t\t<\/a>\n\t\t\t\t\t<a target=\"_blank\">\n\t\t\t\t\t\tTwitter\n\t\t\t\t\t\t\t\t\t\t\t<\/a>","protected":false},"excerpt":{"rendered":"<p>Nosotros Somos una empresa dedicada a la construcci\u00f3n y soluciones integrales de la vivienda, ya sea casas, departamentos, PH, edificios, o \u00e1reas de recreaci\u00f3n com\u00fan.Contamos con una capacidad de cobertura amplia en todo el pa\u00eds.Nuestro estudio y oficinas se encuentran situados en la Capital Federal.Tambi\u00e9n realizamos obras p\u00fablicas a nivel nacional y provincial.Desde el a\u00f1o&hellip; <br \/> <a class=\"button small blue\" href=\"https:\/\/bellark.com.ar\/index.php\/2026\/03\/16\/journey-of-serenity-and-self-discovery-2\/\">Leer m\u00e1s<\/a><\/p>\n","protected":false},"author":1,"featured_media":0,"parent":0,"menu_order":0,"comment_status":"closed","ping_status":"open","template":"","meta":{"footnotes":""},"class_list":["post-46","page","type-page","status-publish","hentry"],"aioseo_notices":[],"_links":{"self":[{"href":"https:\/\/bellark.com.ar\/index.php\/wp-json\/wp\/v2\/pages\/46","targetHints":{"allow":["GET"]}}],"collection":[{"href":"https:\/\/bellark.com.ar\/index.php\/wp-json\/wp\/v2\/pages"}],"about":[{"href":"https:\/\/bellark.com.ar\/index.php\/wp-json\/wp\/v2\/types\/page"}],"author":[{"embeddable":true,"href":"https:\/\/bellark.com.ar\/index.php\/wp-json\/wp\/v2\/users\/1"}],"replies":[{"embeddable":true,"href":"https:\/\/bellark.com.ar\/index.php\/wp-json\/wp\/v2\/comments?post=46"}],"version-history":[{"count":326,"href":"https:\/\/bellark.com.ar\/index.php\/wp-json\/wp\/v2\/pages\/46\/revisions"}],"predecessor-version":[{"id":10197,"href":"https:\/\/bellark.com.ar\/index.php\/wp-json\/wp\/v2\/pages\/46\/revisions\/10197"}],"wp:attachment":[{"href":"https:\/\/bellark.com.ar\/index.php\/wp-json\/wp\/v2\/media?parent=46"}],"curies":[{"name":"wp","href":"https:\/\/api.w.org\/{rel}","templated":true}]}}